{"id":83,"date":"2022-04-12T08:01:58","date_gmt":"2022-04-12T08:01:58","guid":{"rendered":"https:\/\/startersites.io\/blocksy\/home-decor\/?post_type=product&#038;p=83"},"modified":"2025-11-01T11:53:43","modified_gmt":"2025-11-01T11:53:43","slug":"venenatis-condimentum","status":"publish","type":"product","link":"http:\/\/terroir-dumaroc.com\/index.php\/product\/venenatis-condimentum\/","title":{"rendered":"Eau de Rose \u2013 Hydrolat Pur du Maroc"},"content":{"rendered":"<h3 data-start=\"3501\" data-end=\"3547\"><strong data-start=\"3508\" data-end=\"3547\">Eau de Rose<\/strong><\/h3>\n<p data-start=\"3549\" data-end=\"3646\">\ud83d\udcb0 <strong data-start=\"3552\" data-end=\"3562\">Prix :<\/strong> 9,90 \u20ac TTC<br data-start=\"3573\" data-end=\"3576\" \/>\ud83d\udce6 <strong data-start=\"3579\" data-end=\"3595\">Contenance :<\/strong> 60 ml<br data-start=\"3601\" data-end=\"3604\" \/>\ud83c\udf0d <strong data-start=\"3607\" data-end=\"3620\">Origine :<\/strong> Vall\u00e9e des Roses, Maroc<\/p>\n<p data-start=\"3790\" data-end=\"4044\"><strong data-start=\"3790\" data-end=\"3814\">Description longue :<\/strong><br data-start=\"3814\" data-end=\"3817\" \/>L\u2019eau de rose est un soin ancestral utilis\u00e9 pour illuminer et apaiser la peau.<br data-start=\"3895\" data-end=\"3898\" \/>Elle resserre les pores, fixe le maquillage et rafra\u00eechit le teint tout au long de la journ\u00e9e.<br data-start=\"3992\" data-end=\"3995\" \/>Parfaite pour les peaux sensibles ou fatigu\u00e9es.<\/p>\n<p data-start=\"4046\" data-end=\"4066\">\ud83c\udf3f <strong data-start=\"4049\" data-end=\"4064\">Bienfaits :<\/strong><\/p>\n<ul data-start=\"4067\" data-end=\"4173\">\n<li data-start=\"4067\" data-end=\"4092\">\n<p data-start=\"4069\" data-end=\"4092\">Rafra\u00eechit et tonifie<\/p>\n<\/li>\n<li data-start=\"4093\" data-end=\"4116\">\n<p data-start=\"4095\" data-end=\"4116\">Apaise les rougeurs<\/p>\n<\/li>\n<li data-start=\"4117\" data-end=\"4138\">\n<p data-start=\"4119\" data-end=\"4138\">Illumine le teint<\/p>\n<\/li>\n<li data-start=\"4139\" data-end=\"4173\">\n<p data-start=\"4141\" data-end=\"4173\">Laisse une sensation de puret\u00e9<\/p>\n<\/li>\n<\/ul>\n<p data-start=\"4175\" data-end=\"4227\">\u267b\ufe0f 100 % naturelle<br data-start=\"4193\" data-end=\"4196\" \/>\ud83c\uddf2\ud83c\udde6 Distill\u00e9e artisanalement<\/p>\n","protected":false},"excerpt":{"rendered":"<p>Eau florale naturelle distill\u00e9e \u00e0 partir de p\u00e9tales de rose de Damas.<br data-start=\"3744\" data-end=\"3747\" \/>Tonifie, rafra\u00eechit et adoucit la peau.<\/p>\n","protected":false},"featured_media":1212,"comment_status":"open","ping_status":"closed","template":"","meta":[],"product_brand":[],"product_cat":[29],"product_tag":[],"class_list":{"0":"post-83","1":"product","2":"type-product","3":"status-publish","4":"has-post-thumbnail","6":"product_cat-soins-du-corps","8":"first","9":"instock","10":"shipping-taxable","11":"purchasable","12":"product-type-simple"},"_links":{"self":[{"href":"http:\/\/terroir-dumaroc.com\/index.php\/wp-json\/wp\/v2\/product\/83","targetHints":{"allow":["GET"]}}],"collection":[{"href":"http:\/\/terroir-dumaroc.com\/index.php\/wp-json\/wp\/v2\/product"}],"about":[{"href":"http:\/\/terroir-dumaroc.com\/index.php\/wp-json\/wp\/v2\/types\/product"}],"replies":[{"embeddable":true,"href":"http:\/\/terroir-dumaroc.com\/index.php\/wp-json\/wp\/v2\/comments?post=83"}],"wp:featuredmedia":[{"embeddable":true,"href":"http:\/\/terroir-dumaroc.com\/index.php\/wp-json\/wp\/v2\/media\/1212"}],"wp:attachment":[{"href":"http:\/\/terroir-dumaroc.com\/index.php\/wp-json\/wp\/v2\/media?parent=83"}],"wp:term":[{"taxonomy":"product_brand","embeddable":true,"href":"http:\/\/terroir-dumaroc.com\/index.php\/wp-json\/wp\/v2\/product_brand?post=83"},{"taxonomy":"product_cat","embeddable":true,"href":"http:\/\/terroir-dumaroc.com\/index.php\/wp-json\/wp\/v2\/product_cat?post=83"},{"taxonomy":"product_tag","embeddable":true,"href":"http:\/\/terroir-dumaroc.com\/index.php\/wp-json\/wp\/v2\/product_tag?post=83"}],"curies":[{"name":"wp","href":"https:\/\/api.w.org\/{rel}","templated":true}]}}