{"id":77,"date":"2022-04-18T09:08:20","date_gmt":"2022-04-18T09:08:20","guid":{"rendered":"https:\/\/startersites.io\/blocksy\/home-decor\/?post_type=product&#038;p=77"},"modified":"2025-11-01T11:49:29","modified_gmt":"2025-11-01T11:49:29","slug":"sapien-etoligula","status":"publish","type":"product","link":"http:\/\/terroir-dumaroc.com\/index.php\/product\/sapien-etoligula\/","title":{"rendered":"Huile Essentielle de Lavande \u2013 Calme et Harmonie"},"content":{"rendered":"<h3 data-start=\"2768\" data-end=\"2827\"><strong data-start=\"2775\" data-end=\"2827\">Huile Essentielle de Lavande\u00a0<\/strong><\/h3>\n<p data-start=\"2829\" data-end=\"2908\">\ud83d\udce6 <strong data-start=\"2859\" data-end=\"2875\">Contenance :<\/strong> 30 ml<br data-start=\"2881\" data-end=\"2884\" \/>\ud83c\udf0d <strong data-start=\"2887\" data-end=\"2900\">Origine :<\/strong> Maroc<\/p>\n<p data-start=\"3052\" data-end=\"3280\"><strong data-start=\"3052\" data-end=\"3076\">Description longue :<\/strong><br data-start=\"3076\" data-end=\"3079\" \/>Connue pour ses vertus relaxantes, l\u2019huile essentielle de lavande aide \u00e0 r\u00e9duire le stress et \u00e0 apaiser la peau.<br data-start=\"3191\" data-end=\"3194\" \/>Elle favorise le sommeil, soulage les tensions musculaires et purifie l\u2019air ambiant.<\/p>\n<p data-start=\"3282\" data-end=\"3302\">\ud83c\udf3f <strong data-start=\"3285\" data-end=\"3300\">Bienfaits :<\/strong><\/p>\n<ul data-start=\"3303\" data-end=\"3439\">\n<li data-start=\"3303\" data-end=\"3333\">\n<p data-start=\"3305\" data-end=\"3333\">Calme le corps et l\u2019esprit<\/p>\n<\/li>\n<li data-start=\"3334\" data-end=\"3371\">\n<p data-start=\"3336\" data-end=\"3371\">Favorise la d\u00e9tente et le sommeil<\/p>\n<\/li>\n<li data-start=\"3372\" data-end=\"3410\">\n<p data-start=\"3374\" data-end=\"3410\">Soulage les piq\u00fbres et irritations<\/p>\n<\/li>\n<li data-start=\"3411\" data-end=\"3439\">\n<p data-start=\"3413\" data-end=\"3439\">D\u00e9sinfecte naturellement<\/p>\n<\/li>\n<\/ul>\n<p data-start=\"3441\" data-end=\"3494\">\u267b\ufe0f 100 % pure et naturelle<br data-start=\"3467\" data-end=\"3470\" \/>\ud83c\udf38 Sans ajout chimique<\/p>\n","protected":false},"excerpt":{"rendered":"<p>Huile essentielle pure \u00e0 la lavande, apaisante et relaxante.<br data-start=\"2997\" data-end=\"3000\" \/>Id\u00e9ale pour le massage, le bain ou la diffusion.<\/p>\n","protected":false},"featured_media":403,"comment_status":"open","ping_status":"closed","template":"","meta":[],"product_brand":[],"product_cat":[31],"product_tag":[],"class_list":{"0":"post-77","1":"product","2":"type-product","3":"status-publish","4":"has-post-thumbnail","6":"product_cat-soins-capillaires","8":"first","9":"instock","10":"shipping-taxable","11":"purchasable","12":"product-type-simple"},"_links":{"self":[{"href":"http:\/\/terroir-dumaroc.com\/index.php\/wp-json\/wp\/v2\/product\/77","targetHints":{"allow":["GET"]}}],"collection":[{"href":"http:\/\/terroir-dumaroc.com\/index.php\/wp-json\/wp\/v2\/product"}],"about":[{"href":"http:\/\/terroir-dumaroc.com\/index.php\/wp-json\/wp\/v2\/types\/product"}],"replies":[{"embeddable":true,"href":"http:\/\/terroir-dumaroc.com\/index.php\/wp-json\/wp\/v2\/comments?post=77"}],"wp:featuredmedia":[{"embeddable":true,"href":"http:\/\/terroir-dumaroc.com\/index.php\/wp-json\/wp\/v2\/media\/403"}],"wp:attachment":[{"href":"http:\/\/terroir-dumaroc.com\/index.php\/wp-json\/wp\/v2\/media?parent=77"}],"wp:term":[{"taxonomy":"product_brand","embeddable":true,"href":"http:\/\/terroir-dumaroc.com\/index.php\/wp-json\/wp\/v2\/product_brand?post=77"},{"taxonomy":"product_cat","embeddable":true,"href":"http:\/\/terroir-dumaroc.com\/index.php\/wp-json\/wp\/v2\/product_cat?post=77"},{"taxonomy":"product_tag","embeddable":true,"href":"http:\/\/terroir-dumaroc.com\/index.php\/wp-json\/wp\/v2\/product_tag?post=77"}],"curies":[{"name":"wp","href":"https:\/\/api.w.org\/{rel}","templated":true}]}}