{"id":425,"date":"2022-04-18T12:34:03","date_gmt":"2022-04-18T12:34:03","guid":{"rendered":"https:\/\/startersites.io\/blocksy\/home-decor\/?post_type=product&#038;p=425"},"modified":"2025-11-01T08:46:13","modified_gmt":"2025-11-01T08:46:13","slug":"scelerisque-fermentum","status":"publish","type":"product","link":"http:\/\/terroir-dumaroc.com\/index.php\/product\/scelerisque-fermentum\/","title":{"rendered":"Huile Essentielle de Menthe Poivr\u00e9e \u2013 Fra\u00eecheur Tonique"},"content":{"rendered":"<p data-start=\"3912\" data-end=\"3991\"><strong data-start=\"3942\" data-end=\"3958\">Contenance :<\/strong> 30 ml<br data-start=\"3964\" data-end=\"3967\" \/><strong data-start=\"3970\" data-end=\"3983\">Origine :<\/strong> Maroc<\/p>\n<p data-start=\"4143\" data-end=\"4428\"><strong data-start=\"4143\" data-end=\"4188\">Description longue (pour la page produit)<\/strong><br data-start=\"4188\" data-end=\"4191\" \/>L\u2019huile essentielle de menthe poivr\u00e9e stimule, rafra\u00eechit et apaise.<br data-start=\"4259\" data-end=\"4262\" \/>Elle soulage les tensions et favorise la concentration tout en procurant une agr\u00e9able sensation de fra\u00eecheur.<br data-start=\"4371\" data-end=\"4374\" \/>Id\u00e9ale en diffusion ou dilu\u00e9e dans une huile v\u00e9g\u00e9tale.<\/p>\n<p data-start=\"4430\" data-end=\"4450\">\ud83c\udf3f <strong data-start=\"4433\" data-end=\"4448\">Bienfaits :<\/strong><\/p>\n<ul data-start=\"4451\" data-end=\"4581\">\n<li data-start=\"4451\" data-end=\"4488\">\n<p data-start=\"4453\" data-end=\"4488\">Effet tonifiant et rafra\u00eechissant<\/p>\n<\/li>\n<li data-start=\"4489\" data-end=\"4516\">\n<p data-start=\"4491\" data-end=\"4516\">Apaise les maux de t\u00eate<\/p>\n<\/li>\n<li data-start=\"4517\" data-end=\"4545\">\n<p data-start=\"4519\" data-end=\"4545\">Stimule la concentration<\/p>\n<\/li>\n<li data-start=\"4546\" data-end=\"4581\">\n<p data-start=\"4548\" data-end=\"4581\">Revitalise le corps et l\u2019esprit<\/p>\n<\/li>\n<\/ul>\n<p data-start=\"4583\" data-end=\"4667\">\u267b\ufe0f 100 % pure et naturelle<br data-start=\"4609\" data-end=\"4612\" \/>\u26a0\ufe0f \u00c0 diluer avant usage cutan\u00e9<br data-start=\"4642\" data-end=\"4645\" \/>\ud83c\uddf2\ud83c\udde6 Origine : Maroc<\/p>\n","protected":false},"excerpt":{"rendered":"<p>Huile essentielle de menthe poivr\u00e9e pure.<br data-start=\"4078\" data-end=\"4081\" \/>Apporte fra\u00eecheur, tonus et vitalit\u00e9 au corps et \u00e0 l\u2019esprit.<\/p>\n","protected":false},"featured_media":1371,"comment_status":"open","ping_status":"closed","template":"","meta":[],"product_brand":[],"product_cat":[28],"product_tag":[],"class_list":{"0":"post-425","1":"product","2":"type-product","3":"status-publish","4":"has-post-thumbnail","6":"product_cat-soins-du-visage","8":"first","9":"instock","10":"shipping-taxable","11":"purchasable","12":"product-type-simple"},"_links":{"self":[{"href":"http:\/\/terroir-dumaroc.com\/index.php\/wp-json\/wp\/v2\/product\/425","targetHints":{"allow":["GET"]}}],"collection":[{"href":"http:\/\/terroir-dumaroc.com\/index.php\/wp-json\/wp\/v2\/product"}],"about":[{"href":"http:\/\/terroir-dumaroc.com\/index.php\/wp-json\/wp\/v2\/types\/product"}],"replies":[{"embeddable":true,"href":"http:\/\/terroir-dumaroc.com\/index.php\/wp-json\/wp\/v2\/comments?post=425"}],"wp:featuredmedia":[{"embeddable":true,"href":"http:\/\/terroir-dumaroc.com\/index.php\/wp-json\/wp\/v2\/media\/1371"}],"wp:attachment":[{"href":"http:\/\/terroir-dumaroc.com\/index.php\/wp-json\/wp\/v2\/media?parent=425"}],"wp:term":[{"taxonomy":"product_brand","embeddable":true,"href":"http:\/\/terroir-dumaroc.com\/index.php\/wp-json\/wp\/v2\/product_brand?post=425"},{"taxonomy":"product_cat","embeddable":true,"href":"http:\/\/terroir-dumaroc.com\/index.php\/wp-json\/wp\/v2\/product_cat?post=425"},{"taxonomy":"product_tag","embeddable":true,"href":"http:\/\/terroir-dumaroc.com\/index.php\/wp-json\/wp\/v2\/product_tag?post=425"}],"curies":[{"name":"wp","href":"https:\/\/api.w.org\/{rel}","templated":true}]}}