{"id":416,"date":"2022-04-18T09:22:34","date_gmt":"2022-04-18T09:22:34","guid":{"rendered":"https:\/\/startersites.io\/blocksy\/home-decor\/?post_type=product&#038;p=416"},"modified":"2025-11-01T08:08:33","modified_gmt":"2025-11-01T08:08:33","slug":"aliquam-ododiam","status":"publish","type":"product","link":"http:\/\/terroir-dumaroc.com\/index.php\/product\/aliquam-ododiam\/","title":{"rendered":"Huile d\u2019Argan Pure du Maroc \u2013 100 % Naturelle"},"content":{"rendered":"<h3 data-start=\"267\" data-end=\"320\"><strong data-start=\"271\" data-end=\"320\">Huile d\u2019Argan\u00a0<\/strong><\/h3>\n<p data-start=\"321\" data-end=\"423\"><strong data-start=\"352\" data-end=\"375\">Contenance : 100 ml<\/strong><br data-start=\"375\" data-end=\"378\" \/><strong data-start=\"381\" data-end=\"421\">Origine : Maroc (r\u00e9gion d\u2019Essaouira)<\/strong><\/p>\n<h4 data-start=\"628\" data-end=\"678\"><strong data-start=\"633\" data-end=\"678\">Description :<\/strong><\/h4>\n<p data-start=\"679\" data-end=\"901\">L\u2019huile d\u2019argan est un tr\u00e9sor de beaut\u00e9 du Maroc, extraite des amandons de l\u2019arganier.<br data-start=\"765\" data-end=\"768\" \/>Sa richesse en acides gras essentiels et en vitamine E en fait un soin naturel d\u2019exception pour la peau, les ongles et les cheveux.<\/p>\n<p data-start=\"903\" data-end=\"923\">\ud83c\udf3f <strong data-start=\"906\" data-end=\"921\">Bienfaits :<\/strong><\/p>\n<ul data-start=\"924\" data-end=\"1111\">\n<li data-start=\"924\" data-end=\"970\">\n<p data-start=\"926\" data-end=\"970\">Hydrate et adoucit la peau sans effet gras<\/p>\n<\/li>\n<li data-start=\"971\" data-end=\"1013\">\n<p data-start=\"973\" data-end=\"1013\">Redonne \u00e9clat et souplesse aux cheveux<\/p>\n<\/li>\n<li data-start=\"1014\" data-end=\"1064\">\n<p data-start=\"1016\" data-end=\"1064\">R\u00e9pare les pointes s\u00e8ches et les zones ab\u00eem\u00e9es<\/p>\n<\/li>\n<li data-start=\"1065\" data-end=\"1111\">\n<p data-start=\"1067\" data-end=\"1111\">Prot\u00e8ge contre le vieillissement pr\u00e9matur\u00e9<\/p>\n<\/li>\n<\/ul>\n<p data-start=\"1113\" data-end=\"1264\">\u267b\ufe0f <strong data-start=\"1116\" data-end=\"1154\">100 % naturelle et press\u00e9e \u00e0 froid<\/strong><br data-start=\"1154\" data-end=\"1157\" \/>\ud83c\udf38 <strong data-start=\"1160\" data-end=\"1212\">Sans parfum ajout\u00e9, sans parab\u00e8ne, sans silicone<\/strong><br data-start=\"1212\" data-end=\"1215\" \/>\ud83c\uddf2\ud83c\udde6 <strong data-start=\"1220\" data-end=\"1264\">Origine : Maroc \u2013 Conditionn\u00e9e en France<\/strong><\/p>\n","protected":false},"excerpt":{"rendered":"<p>Huile d\u2019argan pure et press\u00e9e \u00e0 froid, issue des coop\u00e9ratives marocaines.<br data-start=\"545\" data-end=\"548\" \/>Riche en vitamine E, elle nourrit, r\u00e9g\u00e9n\u00e8re et sublime la peau et les cheveux.<\/p>\n","protected":false},"featured_media":1372,"comment_status":"open","ping_status":"closed","template":"","meta":[],"product_brand":[],"product_cat":[29],"product_tag":[],"class_list":{"0":"post-416","1":"product","2":"type-product","3":"status-publish","4":"has-post-thumbnail","6":"product_cat-soins-du-corps","8":"first","9":"instock","10":"shipping-taxable","11":"purchasable","12":"product-type-simple"},"_links":{"self":[{"href":"http:\/\/terroir-dumaroc.com\/index.php\/wp-json\/wp\/v2\/product\/416","targetHints":{"allow":["GET"]}}],"collection":[{"href":"http:\/\/terroir-dumaroc.com\/index.php\/wp-json\/wp\/v2\/product"}],"about":[{"href":"http:\/\/terroir-dumaroc.com\/index.php\/wp-json\/wp\/v2\/types\/product"}],"replies":[{"embeddable":true,"href":"http:\/\/terroir-dumaroc.com\/index.php\/wp-json\/wp\/v2\/comments?post=416"}],"wp:featuredmedia":[{"embeddable":true,"href":"http:\/\/terroir-dumaroc.com\/index.php\/wp-json\/wp\/v2\/media\/1372"}],"wp:attachment":[{"href":"http:\/\/terroir-dumaroc.com\/index.php\/wp-json\/wp\/v2\/media?parent=416"}],"wp:term":[{"taxonomy":"product_brand","embeddable":true,"href":"http:\/\/terroir-dumaroc.com\/index.php\/wp-json\/wp\/v2\/product_brand?post=416"},{"taxonomy":"product_cat","embeddable":true,"href":"http:\/\/terroir-dumaroc.com\/index.php\/wp-json\/wp\/v2\/product_cat?post=416"},{"taxonomy":"product_tag","embeddable":true,"href":"http:\/\/terroir-dumaroc.com\/index.php\/wp-json\/wp\/v2\/product_tag?post=416"}],"curies":[{"name":"wp","href":"https:\/\/api.w.org\/{rel}","templated":true}]}}