{"id":409,"date":"2022-04-18T09:16:58","date_gmt":"2022-04-18T09:16:58","guid":{"rendered":"https:\/\/startersites.io\/blocksy\/home-decor\/?post_type=product&#038;p=409"},"modified":"2025-11-01T11:39:22","modified_gmt":"2025-11-01T11:39:22","slug":"mattis-aliquam","status":"publish","type":"product","link":"http:\/\/terroir-dumaroc.com\/index.php\/product\/mattis-aliquam\/","title":{"rendered":"Huile de Nigelle \u2013 Soin Purifiant &#038; Revitalisant"},"content":{"rendered":"<h3 data-start=\"173\" data-end=\"232\">\ud83d\udfe4 <strong data-start=\"180\" data-end=\"232\">Huile de Nigelle \u2013 Soin Purifiant &amp; Revitalisant<\/strong><\/h3>\n<p data-start=\"234\" data-end=\"315\">\ud83d\udcb0 <strong data-start=\"237\" data-end=\"247\">Prix :<\/strong> 14,90 \u20ac TTC<br data-start=\"259\" data-end=\"262\" \/>\ud83d\udce6 <strong data-start=\"265\" data-end=\"281\">Contenance :<\/strong> 100 ml<br data-start=\"288\" data-end=\"291\" \/>\ud83c\udf0d <strong data-start=\"294\" data-end=\"307\">Origine :<\/strong> Maroc<\/p>\n<p data-start=\"317\" data-end=\"508\"><strong data-start=\"317\" data-end=\"341\">Description courte :<\/strong><br data-start=\"341\" data-end=\"344\" \/>Huile naturelle press\u00e9e \u00e0 froid, reconnue pour ses propri\u00e9t\u00e9s purifiantes et fortifiantes.<br data-start=\"434\" data-end=\"437\" \/>Elle nourrit la peau, renforce les cheveux et apaise les irritations.<\/p>\n<p data-start=\"510\" data-end=\"867\"><strong data-start=\"510\" data-end=\"534\">Description longue :<\/strong><br data-start=\"534\" data-end=\"537\" \/>L\u2019huile de nigelle, appel\u00e9e aussi \u201cl\u2019or noir des Pharaons\u201d, est utilis\u00e9e depuis des si\u00e8cles pour ses bienfaits sur la peau et le cuir chevelu.<br data-start=\"679\" data-end=\"682\" \/>Riche en om\u00e9ga-6, min\u00e9raux et antioxydants, elle r\u00e9g\u00e9n\u00e8re les cellules et apaise les peaux sensibles.<br data-start=\"783\" data-end=\"786\" \/>Parfaite pour les cheveux cassants ou les cuirs chevelus sujets aux pellicules.<\/p>\n<p data-start=\"869\" data-end=\"889\">\ud83c\udf3f <strong data-start=\"872\" data-end=\"887\">Bienfaits :<\/strong><\/p>\n<ul data-start=\"890\" data-end=\"1040\">\n<li data-start=\"890\" data-end=\"922\">\n<p data-start=\"892\" data-end=\"922\">Purifie et \u00e9quilibre la peau<\/p>\n<\/li>\n<li data-start=\"923\" data-end=\"948\">\n<p data-start=\"925\" data-end=\"948\">Calme les irritations<\/p>\n<\/li>\n<li data-start=\"949\" data-end=\"994\">\n<p data-start=\"951\" data-end=\"994\">Fortifie les cheveux et stimule la pousse<\/p>\n<\/li>\n<li data-start=\"995\" data-end=\"1040\">\n<p data-start=\"997\" data-end=\"1040\">Prot\u00e8ge contre les agressions ext\u00e9rieures<\/p>\n<\/li>\n<\/ul>\n<p data-start=\"1042\" data-end=\"1103\">\u267b\ufe0f 100 % naturelle \u2013 Press\u00e9e \u00e0 froid<br data-start=\"1078\" data-end=\"1081\" \/>\ud83c\uddf2\ud83c\udde6 Origine : Maroc<\/p>\n","protected":false},"excerpt":{"rendered":"<p>Elementum nisi quis eleifend quam adipiscing vitae proin sagittis nisl. Sit amet nisl purus in mollis nunc sed id. Aliquam id diam maecenas ultricies. Dui id ornare arcu odio ut sem nulla pharetra. Condimentum id venenatis a condimentum vitae sapien pellentesque habitant.<\/p>\n<p>Vestibulum mattis ullamcorper velit sed. Placerat duis ultricies lacus sed turpis tincidunt id aliquet. Nunc non blandit massa enim. Auctor elit sed vulputate mi sit amet. Non arcu risus quis varius quam quisque id diam. Mattis aliquam faucibus purus in massa tempor nec.<\/p>\n","protected":false},"featured_media":410,"comment_status":"open","ping_status":"closed","template":"","meta":[],"product_brand":[],"product_cat":[29],"product_tag":[],"class_list":{"0":"post-409","1":"product","2":"type-product","3":"status-publish","4":"has-post-thumbnail","6":"product_cat-soins-du-corps","8":"first","9":"instock","10":"sale","11":"shipping-taxable","12":"purchasable","13":"product-type-simple"},"_links":{"self":[{"href":"http:\/\/terroir-dumaroc.com\/index.php\/wp-json\/wp\/v2\/product\/409","targetHints":{"allow":["GET"]}}],"collection":[{"href":"http:\/\/terroir-dumaroc.com\/index.php\/wp-json\/wp\/v2\/product"}],"about":[{"href":"http:\/\/terroir-dumaroc.com\/index.php\/wp-json\/wp\/v2\/types\/product"}],"replies":[{"embeddable":true,"href":"http:\/\/terroir-dumaroc.com\/index.php\/wp-json\/wp\/v2\/comments?post=409"}],"wp:featuredmedia":[{"embeddable":true,"href":"http:\/\/terroir-dumaroc.com\/index.php\/wp-json\/wp\/v2\/media\/410"}],"wp:attachment":[{"href":"http:\/\/terroir-dumaroc.com\/index.php\/wp-json\/wp\/v2\/media?parent=409"}],"wp:term":[{"taxonomy":"product_brand","embeddable":true,"href":"http:\/\/terroir-dumaroc.com\/index.php\/wp-json\/wp\/v2\/product_brand?post=409"},{"taxonomy":"product_cat","embeddable":true,"href":"http:\/\/terroir-dumaroc.com\/index.php\/wp-json\/wp\/v2\/product_cat?post=409"},{"taxonomy":"product_tag","embeddable":true,"href":"http:\/\/terroir-dumaroc.com\/index.php\/wp-json\/wp\/v2\/product_tag?post=409"}],"curies":[{"name":"wp","href":"https:\/\/api.w.org\/{rel}","templated":true}]}}