{"id":404,"date":"2022-04-18T09:11:11","date_gmt":"2022-04-18T09:11:11","guid":{"rendered":"https:\/\/startersites.io\/blocksy\/home-decor\/?post_type=product&#038;p=404"},"modified":"2025-11-01T11:44:08","modified_gmt":"2025-11-01T11:44:08","slug":"habitant-morbi","status":"publish","type":"product","link":"http:\/\/terroir-dumaroc.com\/index.php\/product\/habitant-morbi\/","title":{"rendered":"Huile de Fenugrec \u2013 Booster Naturel pour la Peau et les Cheveux"},"content":{"rendered":"<h3 data-start=\"1944\" data-end=\"2018\">\ud83d\udfe4 <strong data-start=\"1951\" data-end=\"2018\">Huile de Fenugrec\u00a0<\/strong><br data-start=\"2045\" data-end=\"2048\" \/>\ud83d\udce6 <strong data-start=\"2051\" data-end=\"2067\">Contenance :<\/strong> 100 ml<br data-start=\"2074\" data-end=\"2077\" \/>\ud83c\udf0d <strong data-start=\"2080\" data-end=\"2093\">Origine :<\/strong> Maroc<\/h3>\n<p data-start=\"2287\" data-end=\"2562\"><strong data-start=\"2287\" data-end=\"2311\">Description longue :<\/strong><br data-start=\"2311\" data-end=\"2314\" \/>L\u2019huile de fenugrec est un soin ancestral aux propri\u00e9t\u00e9s tonifiantes et revitalisantes.<br data-start=\"2401\" data-end=\"2404\" \/>Elle aide \u00e0 redonner du volume \u00e0 la chevelure tout en raffermissant les tissus de la peau.<br data-start=\"2494\" data-end=\"2497\" \/>Sa texture l\u00e9g\u00e8re p\u00e9n\u00e8tre facilement sans laisser de film gras.<\/p>\n<p data-start=\"2564\" data-end=\"2584\">\ud83c\udf3f <strong data-start=\"2567\" data-end=\"2582\">Bienfaits :<\/strong><\/p>\n<ul data-start=\"2585\" data-end=\"2721\">\n<li data-start=\"2585\" data-end=\"2618\">\n<p data-start=\"2587\" data-end=\"2618\">Stimule la pousse des cheveux<\/p>\n<\/li>\n<li data-start=\"2619\" data-end=\"2655\">\n<p data-start=\"2621\" data-end=\"2655\">Raffermit la peau et la poitrine<\/p>\n<\/li>\n<li data-start=\"2656\" data-end=\"2687\">\n<p data-start=\"2658\" data-end=\"2687\">Nourrit les pointes ab\u00eem\u00e9es<\/p>\n<\/li>\n<li data-start=\"2688\" data-end=\"2721\">\n<p data-start=\"2690\" data-end=\"2721\">Redonne brillance et vitalit\u00e9<\/p>\n<\/li>\n<\/ul>\n<p data-start=\"2723\" data-end=\"2761\">\u267b\ufe0f 100 % naturelle \u2013 Press\u00e9e \u00e0 froid<\/p>\n","protected":false},"excerpt":{"rendered":"<p><strong data-start=\"2103\" data-end=\"2127\">Description courte :<\/strong><br data-start=\"2127\" data-end=\"2130\" \/>Huile v\u00e9g\u00e9tale de fenugrec r\u00e9put\u00e9e pour stimuler la pousse des cheveux et raffermir la peau.<br data-start=\"2222\" data-end=\"2225\" \/>Riche en prot\u00e9ines et vitamines, elle nourrit intens\u00e9ment.<\/p>\n","protected":false},"featured_media":405,"comment_status":"open","ping_status":"closed","template":"","meta":[],"product_brand":[],"product_cat":[29],"product_tag":[],"class_list":{"0":"post-404","1":"product","2":"type-product","3":"status-publish","4":"has-post-thumbnail","6":"product_cat-soins-du-corps","8":"first","9":"instock","10":"shipping-taxable","11":"purchasable","12":"product-type-simple"},"_links":{"self":[{"href":"http:\/\/terroir-dumaroc.com\/index.php\/wp-json\/wp\/v2\/product\/404","targetHints":{"allow":["GET"]}}],"collection":[{"href":"http:\/\/terroir-dumaroc.com\/index.php\/wp-json\/wp\/v2\/product"}],"about":[{"href":"http:\/\/terroir-dumaroc.com\/index.php\/wp-json\/wp\/v2\/types\/product"}],"replies":[{"embeddable":true,"href":"http:\/\/terroir-dumaroc.com\/index.php\/wp-json\/wp\/v2\/comments?post=404"}],"wp:featuredmedia":[{"embeddable":true,"href":"http:\/\/terroir-dumaroc.com\/index.php\/wp-json\/wp\/v2\/media\/405"}],"wp:attachment":[{"href":"http:\/\/terroir-dumaroc.com\/index.php\/wp-json\/wp\/v2\/media?parent=404"}],"wp:term":[{"taxonomy":"product_brand","embeddable":true,"href":"http:\/\/terroir-dumaroc.com\/index.php\/wp-json\/wp\/v2\/product_brand?post=404"},{"taxonomy":"product_cat","embeddable":true,"href":"http:\/\/terroir-dumaroc.com\/index.php\/wp-json\/wp\/v2\/product_cat?post=404"},{"taxonomy":"product_tag","embeddable":true,"href":"http:\/\/terroir-dumaroc.com\/index.php\/wp-json\/wp\/v2\/product_tag?post=404"}],"curies":[{"name":"wp","href":"https:\/\/api.w.org\/{rel}","templated":true}]}}